{"id":8299,"date":"2026-03-12T11:25:28","date_gmt":"2026-03-12T11:25:28","guid":{"rendered":"https:\/\/seafood.ie\/?post_type=product&#038;p=8299"},"modified":"2026-03-13T14:21:55","modified_gmt":"2026-03-13T14:21:55","slug":"trout-smoked","status":"publish","type":"product","link":"https:\/\/seafood.ie\/product\/trout-smoked\/","title":{"rendered":"Smoked Trout"},"content":{"rendered":"<p>Premium Irish smoked trout, traditionally cured and carefully smoked to achieve a beautifully rich, deeply flavoursome finish with a moist, tender texture and a stunning warm pink colour that makes it as visually impressive as it is delicious. A wonderfully versatile and underrated Irish artisan classic \u2014 perfect for elegant starters, p\u00e2t\u00e9s, salads, pasta dishes or simply enjoyed on brown bread with a squeeze of fresh lemon and a dollop of cr\u00e8me fra\u00eeche.<\/p>\n","protected":false},"excerpt":{"rendered":"<p>Premium Irish smoked trout, traditionally cured and carefully smoked to achieve a beautifully rich, deeply flavoursome finish with a moist, tender texture and a stunning warm pink colour that makes it as visually impressive as it is delicious. A wonderfully versatile and underrated Irish artisan classic \u2014 perfect for elegant starters, p\u00e2t\u00e9s, salads, pasta dishes [&hellip;]<\/p>\n","protected":false},"featured_media":8395,"comment_status":"open","ping_status":"closed","template":"","meta":[],"product_brand":[],"product_cat":[89],"product_tag":[],"class_list":{"0":"post-8299","1":"product","2":"type-product","3":"status-publish","4":"has-post-thumbnail","6":"product_cat-smoked-trout","8":"first","9":"instock","10":"shipping-taxable","11":"purchasable","12":"product-type-variable"},"_links":{"self":[{"href":"https:\/\/seafood.ie\/wp-json\/wp\/v2\/product\/8299","targetHints":{"allow":["GET"]}}],"collection":[{"href":"https:\/\/seafood.ie\/wp-json\/wp\/v2\/product"}],"about":[{"href":"https:\/\/seafood.ie\/wp-json\/wp\/v2\/types\/product"}],"replies":[{"embeddable":true,"href":"https:\/\/seafood.ie\/wp-json\/wp\/v2\/comments?post=8299"}],"wp:featuredmedia":[{"embeddable":true,"href":"https:\/\/seafood.ie\/wp-json\/wp\/v2\/media\/8395"}],"wp:attachment":[{"href":"https:\/\/seafood.ie\/wp-json\/wp\/v2\/media?parent=8299"}],"wp:term":[{"taxonomy":"product_brand","embeddable":true,"href":"https:\/\/seafood.ie\/wp-json\/wp\/v2\/product_brand?post=8299"},{"taxonomy":"product_cat","embeddable":true,"href":"https:\/\/seafood.ie\/wp-json\/wp\/v2\/product_cat?post=8299"},{"taxonomy":"product_tag","embeddable":true,"href":"https:\/\/seafood.ie\/wp-json\/wp\/v2\/product_tag?post=8299"}],"curies":[{"name":"wp","href":"https:\/\/api.w.org\/{rel}","templated":true}]}}